{"id":1730,"date":"2020-03-26T16:26:06","date_gmt":"2020-03-26T16:26:06","guid":{"rendered":"http:\/\/stephexstables.com\/stallions\/"},"modified":"2025-04-01T08:43:53","modified_gmt":"2025-04-01T06:43:53","slug":"stallions","status":"publish","type":"page","link":"https:\/\/stephexstables.com\/fr\/stallions\/","title":{"rendered":"Stallions"},"content":{"rendered":"\n<p>D\u00e9sireux de d&rsquo;am\u00e9liorer le sport et de promouvoir les chevaux de haut niveau, Stephex vend d\u00e9sormais la semence de ses \u00e9talons.<\/p>\n\n\n\n<p>Des plus grands performeurs d&rsquo;hier aux superstars d&rsquo;aujourd&rsquo;hui, d\u00e9couvrez et commandez maintenant la g\u00e9n\u00e9tique de nos chevaux.<\/p>\n\n\n\n<div class=\"wp-block-buttons is-content-justification-right is-layout-flex wp-container-core-buttons-is-layout-765c4724 wp-block-buttons-is-layout-flex\"><\/div>\n\n\n\n<p>       <br><\/p>\n\n\n\n<div class=\"wp-block-buttons is-content-justification-right is-layout-flex wp-container-core-buttons-is-layout-765c4724 wp-block-buttons-is-layout-flex\"><\/div>\n\n\n\n<h2 class=\"wp-block-heading has-text-align-left\"><\/h2>\n\n\n\n<p><\/p>\n","protected":false},"excerpt":{"rendered":"<p>D\u00e9sireux de d&rsquo;am\u00e9liorer le sport et de promouvoir les chevaux de haut niveau, Stephex vend d\u00e9sormais la semence de ses \u00e9talons. Des plus grands performeurs d&rsquo;hier aux superstars d&rsquo;aujourd&rsquo;hui, d\u00e9couvrez et commandez maintenant la g\u00e9n\u00e9tique de nos chevaux.<\/p>\n","protected":false},"author":13,"featured_media":2739,"parent":0,"menu_order":0,"comment_status":"closed","ping_status":"closed","template":"models\/stallion.php","meta":{"_acf_changed":false,"footnotes":""},"class_list":["post-1730","page","type-page","status-publish","has-post-thumbnail","hentry"],"acf":[],"yoast_head":"<!-- This site is optimized with the Yoast SEO plugin v27.2 - https:\/\/yoast.com\/product\/yoast-seo-wordpress\/ -->\n<title>Stallions - Stephex Stables<\/title>\n<meta name=\"description\" content=\"D\u00e9sireux de d&#039;am\u00e9liorer le sport et de promouvoir les chevaux de haut niveau, Stephex vend d\u00e9sormais la semence de ses \u00e9talons.Des plus grands performeurs d&#039;hier aux superstars d&#039;aujourd&#039;hui, d\u00e9couvrez et commandez maintenant la g\u00e9n\u00e9tique de nos chevaux.\" \/>\n<meta name=\"robots\" content=\"index, follow, max-snippet:-1, max-image-preview:large, max-video-preview:-1\" \/>\n<link rel=\"canonical\" href=\"https:\/\/stephexstables.com\/fr\/stallions\/\" \/>\n<meta property=\"og:locale\" content=\"fr_FR\" \/>\n<meta property=\"og:type\" content=\"article\" \/>\n<meta property=\"og:title\" content=\"Stallions - Stephex Stables\" \/>\n<meta property=\"og:description\" content=\"D\u00e9sireux de d&#039;am\u00e9liorer le sport et de promouvoir les chevaux de haut niveau, Stephex vend d\u00e9sormais la semence de ses \u00e9talons.Des plus grands performeurs d&#039;hier aux superstars d&#039;aujourd&#039;hui, d\u00e9couvrez et commandez maintenant la g\u00e9n\u00e9tique de nos chevaux.\" \/>\n<meta property=\"og:url\" content=\"https:\/\/stephexstables.com\/fr\/stallions\/\" \/>\n<meta property=\"og:site_name\" content=\"Stephex Stables\" \/>\n<meta property=\"article:modified_time\" content=\"2025-04-01T06:43:53+00:00\" \/>\n<meta property=\"og:image\" content=\"https:\/\/stephexstables.com\/wp-content\/uploads\/2020\/09\/slowmo-STALLIONS-3-scaled.jpg\" \/>\n\t<meta property=\"og:image:width\" content=\"2560\" \/>\n\t<meta property=\"og:image:height\" content=\"1436\" \/>\n\t<meta property=\"og:image:type\" content=\"image\/jpeg\" \/>\n<meta name=\"twitter:card\" content=\"summary_large_image\" \/>\n<meta name=\"twitter:label1\" content=\"Dur\u00e9e de lecture estim\u00e9e\" \/>\n\t<meta name=\"twitter:data1\" content=\"1 minute\" \/>\n<script type=\"application\/ld+json\" class=\"yoast-schema-graph\">{\"@context\":\"https:\/\/schema.org\",\"@graph\":[{\"@type\":\"WebPage\",\"@id\":\"https:\/\/stephexstables.com\/fr\/stallions\/\",\"url\":\"https:\/\/stephexstables.com\/fr\/stallions\/\",\"name\":\"Stallions - Stephex Stables\",\"isPartOf\":{\"@id\":\"https:\/\/stephexstables.com\/#website\"},\"primaryImageOfPage\":{\"@id\":\"https:\/\/stephexstables.com\/fr\/stallions\/#primaryimage\"},\"image\":{\"@id\":\"https:\/\/stephexstables.com\/fr\/stallions\/#primaryimage\"},\"thumbnailUrl\":\"https:\/\/stephexstables.com\/wp-content\/uploads\/2020\/09\/slowmo-STALLIONS-3-scaled.jpg\",\"datePublished\":\"2020-03-26T16:26:06+00:00\",\"dateModified\":\"2025-04-01T06:43:53+00:00\",\"description\":\"D\u00e9sireux de d'am\u00e9liorer le sport et de promouvoir les chevaux de haut niveau, Stephex vend d\u00e9sormais la semence de ses \u00e9talons.Des plus grands performeurs d'hier aux superstars d'aujourd'hui, d\u00e9couvrez et commandez maintenant la g\u00e9n\u00e9tique de nos chevaux.\",\"breadcrumb\":{\"@id\":\"https:\/\/stephexstables.com\/fr\/stallions\/#breadcrumb\"},\"inLanguage\":\"fr-FR\",\"potentialAction\":[{\"@type\":\"ReadAction\",\"target\":[\"https:\/\/stephexstables.com\/fr\/stallions\/\"]}]},{\"@type\":\"ImageObject\",\"inLanguage\":\"fr-FR\",\"@id\":\"https:\/\/stephexstables.com\/fr\/stallions\/#primaryimage\",\"url\":\"https:\/\/stephexstables.com\/wp-content\/uploads\/2020\/09\/slowmo-STALLIONS-3-scaled.jpg\",\"contentUrl\":\"https:\/\/stephexstables.com\/wp-content\/uploads\/2020\/09\/slowmo-STALLIONS-3-scaled.jpg\",\"width\":2560,\"height\":1436},{\"@type\":\"BreadcrumbList\",\"@id\":\"https:\/\/stephexstables.com\/fr\/stallions\/#breadcrumb\",\"itemListElement\":[{\"@type\":\"ListItem\",\"position\":1,\"name\":\"Home\",\"item\":\"https:\/\/stephexstables.com\/fr\/\"},{\"@type\":\"ListItem\",\"position\":2,\"name\":\"Stallions\"}]},{\"@type\":\"WebSite\",\"@id\":\"https:\/\/stephexstables.com\/#website\",\"url\":\"https:\/\/stephexstables.com\/\",\"name\":\"Stephex Stables\",\"description\":\"Stephex Success Stories\",\"potentialAction\":[{\"@type\":\"SearchAction\",\"target\":{\"@type\":\"EntryPoint\",\"urlTemplate\":\"https:\/\/stephexstables.com\/?s={search_term_string}\"},\"query-input\":{\"@type\":\"PropertyValueSpecification\",\"valueRequired\":true,\"valueName\":\"search_term_string\"}}],\"inLanguage\":\"fr-FR\"}]}<\/script>\n<!-- \/ Yoast SEO plugin. -->","yoast_head_json":{"title":"Stallions - Stephex Stables","description":"D\u00e9sireux de d'am\u00e9liorer le sport et de promouvoir les chevaux de haut niveau, Stephex vend d\u00e9sormais la semence de ses \u00e9talons.Des plus grands performeurs d'hier aux superstars d'aujourd'hui, d\u00e9couvrez et commandez maintenant la g\u00e9n\u00e9tique de nos chevaux.","robots":{"index":"index","follow":"follow","max-snippet":"max-snippet:-1","max-image-preview":"max-image-preview:large","max-video-preview":"max-video-preview:-1"},"canonical":"https:\/\/stephexstables.com\/fr\/stallions\/","og_locale":"fr_FR","og_type":"article","og_title":"Stallions - Stephex Stables","og_description":"D\u00e9sireux de d'am\u00e9liorer le sport et de promouvoir les chevaux de haut niveau, Stephex vend d\u00e9sormais la semence de ses \u00e9talons.Des plus grands performeurs d'hier aux superstars d'aujourd'hui, d\u00e9couvrez et commandez maintenant la g\u00e9n\u00e9tique de nos chevaux.","og_url":"https:\/\/stephexstables.com\/fr\/stallions\/","og_site_name":"Stephex Stables","article_modified_time":"2025-04-01T06:43:53+00:00","og_image":[{"width":2560,"height":1436,"url":"https:\/\/stephexstables.com\/wp-content\/uploads\/2020\/09\/slowmo-STALLIONS-3-scaled.jpg","type":"image\/jpeg"}],"twitter_card":"summary_large_image","twitter_misc":{"Dur\u00e9e de lecture estim\u00e9e":"1 minute"},"schema":{"@context":"https:\/\/schema.org","@graph":[{"@type":"WebPage","@id":"https:\/\/stephexstables.com\/fr\/stallions\/","url":"https:\/\/stephexstables.com\/fr\/stallions\/","name":"Stallions - Stephex Stables","isPartOf":{"@id":"https:\/\/stephexstables.com\/#website"},"primaryImageOfPage":{"@id":"https:\/\/stephexstables.com\/fr\/stallions\/#primaryimage"},"image":{"@id":"https:\/\/stephexstables.com\/fr\/stallions\/#primaryimage"},"thumbnailUrl":"https:\/\/stephexstables.com\/wp-content\/uploads\/2020\/09\/slowmo-STALLIONS-3-scaled.jpg","datePublished":"2020-03-26T16:26:06+00:00","dateModified":"2025-04-01T06:43:53+00:00","description":"D\u00e9sireux de d'am\u00e9liorer le sport et de promouvoir les chevaux de haut niveau, Stephex vend d\u00e9sormais la semence de ses \u00e9talons.Des plus grands performeurs d'hier aux superstars d'aujourd'hui, d\u00e9couvrez et commandez maintenant la g\u00e9n\u00e9tique de nos chevaux.","breadcrumb":{"@id":"https:\/\/stephexstables.com\/fr\/stallions\/#breadcrumb"},"inLanguage":"fr-FR","potentialAction":[{"@type":"ReadAction","target":["https:\/\/stephexstables.com\/fr\/stallions\/"]}]},{"@type":"ImageObject","inLanguage":"fr-FR","@id":"https:\/\/stephexstables.com\/fr\/stallions\/#primaryimage","url":"https:\/\/stephexstables.com\/wp-content\/uploads\/2020\/09\/slowmo-STALLIONS-3-scaled.jpg","contentUrl":"https:\/\/stephexstables.com\/wp-content\/uploads\/2020\/09\/slowmo-STALLIONS-3-scaled.jpg","width":2560,"height":1436},{"@type":"BreadcrumbList","@id":"https:\/\/stephexstables.com\/fr\/stallions\/#breadcrumb","itemListElement":[{"@type":"ListItem","position":1,"name":"Home","item":"https:\/\/stephexstables.com\/fr\/"},{"@type":"ListItem","position":2,"name":"Stallions"}]},{"@type":"WebSite","@id":"https:\/\/stephexstables.com\/#website","url":"https:\/\/stephexstables.com\/","name":"Stephex Stables","description":"Stephex Success Stories","potentialAction":[{"@type":"SearchAction","target":{"@type":"EntryPoint","urlTemplate":"https:\/\/stephexstables.com\/?s={search_term_string}"},"query-input":{"@type":"PropertyValueSpecification","valueRequired":true,"valueName":"search_term_string"}}],"inLanguage":"fr-FR"}]}},"_links":{"self":[{"href":"https:\/\/stephexstables.com\/fr\/wp-json\/wp\/v2\/pages\/1730","targetHints":{"allow":["GET"]}}],"collection":[{"href":"https:\/\/stephexstables.com\/fr\/wp-json\/wp\/v2\/pages"}],"about":[{"href":"https:\/\/stephexstables.com\/fr\/wp-json\/wp\/v2\/types\/page"}],"author":[{"embeddable":true,"href":"https:\/\/stephexstables.com\/fr\/wp-json\/wp\/v2\/users\/13"}],"replies":[{"embeddable":true,"href":"https:\/\/stephexstables.com\/fr\/wp-json\/wp\/v2\/comments?post=1730"}],"version-history":[{"count":19,"href":"https:\/\/stephexstables.com\/fr\/wp-json\/wp\/v2\/pages\/1730\/revisions"}],"predecessor-version":[{"id":9188,"href":"https:\/\/stephexstables.com\/fr\/wp-json\/wp\/v2\/pages\/1730\/revisions\/9188"}],"wp:featuredmedia":[{"embeddable":true,"href":"https:\/\/stephexstables.com\/fr\/wp-json\/wp\/v2\/media\/2739"}],"wp:attachment":[{"href":"https:\/\/stephexstables.com\/fr\/wp-json\/wp\/v2\/media?parent=1730"}],"curies":[{"name":"wp","href":"https:\/\/api.w.org\/{rel}","templated":true}]}}