{"id":1715,"date":"2020-05-20T12:51:57","date_gmt":"2020-05-20T12:51:57","guid":{"rendered":"http:\/\/stephexstables.com\/newsletter-register\/"},"modified":"2020-06-12T13:36:13","modified_gmt":"2020-06-12T13:36:13","slug":"newsletter-register","status":"publish","type":"page","link":"https:\/\/stephexstables.com\/fr\/newsletter-register\/","title":{"rendered":"Merci!"},"content":{"rendered":"\n<p>Vous \u00eates d\u00e9sormais inscrit \u00e0 notre newsletter.<\/p>\n","protected":false},"excerpt":{"rendered":"<p>Vous \u00eates d\u00e9sormais inscrit \u00e0 notre newsletter.<\/p>\n","protected":false},"author":13,"featured_media":0,"parent":0,"menu_order":0,"comment_status":"closed","ping_status":"closed","template":"models\/newsletter.php","meta":{"_acf_changed":false,"footnotes":""},"class_list":["post-1715","page","type-page","status-publish","hentry"],"acf":[],"yoast_head":"<!-- This site is optimized with the Yoast SEO plugin v27.5 - https:\/\/yoast.com\/product\/yoast-seo-wordpress\/ -->\n<title>Merci! - Stephex Stables<\/title>\n<meta name=\"robots\" content=\"index, follow, max-snippet:-1, max-image-preview:large, max-video-preview:-1\" \/>\n<link rel=\"canonical\" href=\"https:\/\/stephexstables.com\/newsletter-register\/\" \/>\n<meta property=\"og:locale\" content=\"fr_FR\" \/>\n<meta property=\"og:type\" content=\"article\" \/>\n<meta property=\"og:title\" content=\"Merci! - Stephex Stables\" \/>\n<meta property=\"og:description\" content=\"Vous \u00eates d\u00e9sormais inscrit \u00e0 notre newsletter.\" \/>\n<meta property=\"og:url\" content=\"https:\/\/stephexstables.com\/newsletter-register\/\" \/>\n<meta property=\"og:site_name\" content=\"Stephex Stables\" \/>\n<meta property=\"article:modified_time\" content=\"2020-06-12T13:36:13+00:00\" \/>\n<meta name=\"twitter:card\" content=\"summary_large_image\" \/>\n<script type=\"application\/ld+json\" class=\"yoast-schema-graph\">{\"@context\":\"https:\\\/\\\/schema.org\",\"@graph\":[{\"@type\":\"WebPage\",\"@id\":\"https:\\\/\\\/stephexstables.com\\\/newsletter-register\\\/\",\"url\":\"https:\\\/\\\/stephexstables.com\\\/newsletter-register\\\/\",\"name\":\"Merci! - Stephex Stables\",\"isPartOf\":{\"@id\":\"https:\\\/\\\/stephexstables.com\\\/#website\"},\"datePublished\":\"2020-05-20T12:51:57+00:00\",\"dateModified\":\"2020-06-12T13:36:13+00:00\",\"breadcrumb\":{\"@id\":\"https:\\\/\\\/stephexstables.com\\\/newsletter-register\\\/#breadcrumb\"},\"inLanguage\":\"fr-FR\",\"potentialAction\":[{\"@type\":\"ReadAction\",\"target\":[\"https:\\\/\\\/stephexstables.com\\\/newsletter-register\\\/\"]}]},{\"@type\":\"BreadcrumbList\",\"@id\":\"https:\\\/\\\/stephexstables.com\\\/newsletter-register\\\/#breadcrumb\",\"itemListElement\":[{\"@type\":\"ListItem\",\"position\":1,\"name\":\"Home\",\"item\":\"https:\\\/\\\/stephexstables.com\\\/fr\\\/\"},{\"@type\":\"ListItem\",\"position\":2,\"name\":\"Merci!\"}]},{\"@type\":\"WebSite\",\"@id\":\"https:\\\/\\\/stephexstables.com\\\/#website\",\"url\":\"https:\\\/\\\/stephexstables.com\\\/\",\"name\":\"Stephex Stables\",\"description\":\"Stephex Success Stories\",\"potentialAction\":[{\"@type\":\"SearchAction\",\"target\":{\"@type\":\"EntryPoint\",\"urlTemplate\":\"https:\\\/\\\/stephexstables.com\\\/?s={search_term_string}\"},\"query-input\":{\"@type\":\"PropertyValueSpecification\",\"valueRequired\":true,\"valueName\":\"search_term_string\"}}],\"inLanguage\":\"fr-FR\"}]}<\/script>\n<!-- \/ Yoast SEO plugin. -->","yoast_head_json":{"title":"Merci! - Stephex Stables","robots":{"index":"index","follow":"follow","max-snippet":"max-snippet:-1","max-image-preview":"max-image-preview:large","max-video-preview":"max-video-preview:-1"},"canonical":"https:\/\/stephexstables.com\/newsletter-register\/","og_locale":"fr_FR","og_type":"article","og_title":"Merci! - Stephex Stables","og_description":"Vous \u00eates d\u00e9sormais inscrit \u00e0 notre newsletter.","og_url":"https:\/\/stephexstables.com\/newsletter-register\/","og_site_name":"Stephex Stables","article_modified_time":"2020-06-12T13:36:13+00:00","twitter_card":"summary_large_image","schema":{"@context":"https:\/\/schema.org","@graph":[{"@type":"WebPage","@id":"https:\/\/stephexstables.com\/newsletter-register\/","url":"https:\/\/stephexstables.com\/newsletter-register\/","name":"Merci! - Stephex Stables","isPartOf":{"@id":"https:\/\/stephexstables.com\/#website"},"datePublished":"2020-05-20T12:51:57+00:00","dateModified":"2020-06-12T13:36:13+00:00","breadcrumb":{"@id":"https:\/\/stephexstables.com\/newsletter-register\/#breadcrumb"},"inLanguage":"fr-FR","potentialAction":[{"@type":"ReadAction","target":["https:\/\/stephexstables.com\/newsletter-register\/"]}]},{"@type":"BreadcrumbList","@id":"https:\/\/stephexstables.com\/newsletter-register\/#breadcrumb","itemListElement":[{"@type":"ListItem","position":1,"name":"Home","item":"https:\/\/stephexstables.com\/fr\/"},{"@type":"ListItem","position":2,"name":"Merci!"}]},{"@type":"WebSite","@id":"https:\/\/stephexstables.com\/#website","url":"https:\/\/stephexstables.com\/","name":"Stephex Stables","description":"Stephex Success Stories","potentialAction":[{"@type":"SearchAction","target":{"@type":"EntryPoint","urlTemplate":"https:\/\/stephexstables.com\/?s={search_term_string}"},"query-input":{"@type":"PropertyValueSpecification","valueRequired":true,"valueName":"search_term_string"}}],"inLanguage":"fr-FR"}]}},"_links":{"self":[{"href":"https:\/\/stephexstables.com\/fr\/wp-json\/wp\/v2\/pages\/1715","targetHints":{"allow":["GET"]}}],"collection":[{"href":"https:\/\/stephexstables.com\/fr\/wp-json\/wp\/v2\/pages"}],"about":[{"href":"https:\/\/stephexstables.com\/fr\/wp-json\/wp\/v2\/types\/page"}],"author":[{"embeddable":true,"href":"https:\/\/stephexstables.com\/fr\/wp-json\/wp\/v2\/users\/13"}],"replies":[{"embeddable":true,"href":"https:\/\/stephexstables.com\/fr\/wp-json\/wp\/v2\/comments?post=1715"}],"version-history":[{"count":3,"href":"https:\/\/stephexstables.com\/fr\/wp-json\/wp\/v2\/pages\/1715\/revisions"}],"predecessor-version":[{"id":1719,"href":"https:\/\/stephexstables.com\/fr\/wp-json\/wp\/v2\/pages\/1715\/revisions\/1719"}],"wp:attachment":[{"href":"https:\/\/stephexstables.com\/fr\/wp-json\/wp\/v2\/media?parent=1715"}],"curies":[{"name":"wp","href":"https:\/\/api.w.org\/{rel}","templated":true}]}}